{"id":7,"date":"2012-08-07T19:42:49","date_gmt":"2012-08-07T19:42:49","guid":{"rendered":"http:\/\/thegreenteam.org\/?page_id=7"},"modified":"2025-06-18T10:11:11","modified_gmt":"2025-06-18T14:11:11","slug":"faqs","status":"publish","type":"page","link":"https:\/\/thegreenteam.org\/es\/faqs\/","title":{"rendered":"Preguntas Frecuentes de The Green Team"},"content":{"rendered":"<div class=\"wp-block-genesis-blocks-gb-container gb-block-container\"><div class=\"gb-container-inside\"><div class=\"gb-container-content\">\n<h1 class=\"wp-block-heading bold-text fade-in-up\">Preguntas Frecuentes de The Green Team<\/h1>\n\n\n\n<p>Obt\u00e9n informaci\u00f3n detallada sobre el programa The Green Team.<\/p>\n\n\n\n<hr class=\"wp-block-separator has-text-color has-alpha-channel-opacity has-background is-style-default fade-in-up\" style=\"background-color:#dddddd;color:#dddddd\"\/>\n<\/div><\/div><\/div>\n\n\n<div class=\"wp-block-uagb-faq uagb-faq__outer-wrap uagb-block-427abea9 uagb-faq-icon-row-reverse uagb-faq-layout-accordion uagb-faq-expand-first-true uagb-faq-inactive-other-true uagb-faq__wrap uagb-buttons-layout-wrap uagb-faq-equal-height\" data-faqtoggle=\"true\" role=\"tablist\"><div class=\"wp-block-uagb-faq-child uagb-faq-child__outer-wrap uagb-faq-item uagb-block-2993287d\" role=\"tab\" tabindex=\"0\"><div class=\"uagb-faq-questions-button uagb-faq-questions\">\t\t\t<span class=\"uagb-icon uagb-faq-icon-wrap\">\n\t\t\t\t\t\t\t\t<svg xmlns=\"https:\/\/www.w3.org\/2000\/svg\" viewbox= \"0 0 448 512\"><path d=\"M432 256c0 17.69-14.33 32.01-32 32.01H256v144c0 17.69-14.33 31.99-32 31.99s-32-14.3-32-31.99v-144H48c-17.67 0-32-14.32-32-32.01s14.33-31.99 32-31.99H192v-144c0-17.69 14.33-32.01 32-32.01s32 14.32 32 32.01v144h144C417.7 224 432 238.3 432 256z\"><\/path><\/svg>\n\t\t\t\t\t\t\t<\/span>\n\t\t\t\t\t\t<span class=\"uagb-icon-active uagb-faq-icon-wrap\">\n\t\t\t\t\t\t\t\t<svg xmlns=\"https:\/\/www.w3.org\/2000\/svg\" viewbox= \"0 0 448 512\"><path d=\"M400 288h-352c-17.69 0-32-14.32-32-32.01s14.31-31.99 32-31.99h352c17.69 0 32 14.3 32 31.99S417.7 288 400 288z\"><\/path><\/svg>\n\t\t\t\t\t\t\t<\/span>\n\t\t\t<h4 class=\"uagb-question\">\u00bfQui\u00e9n puede registrarse en The Green Team?<\/h4><\/div><div class=\"uagb-faq-content\"><p>Cualquier maestro, personal, miembro de la facultad o voluntario en una escuela o programa juvenil de Massachusetts puede registrarse en The Green Team. Se pueden registrar varios equipos Green Team en la misma escuela si trabajan con diferentes grupos de estudiantes. <br><br><strong>Ejemplos de Green Teams:<\/strong> Un maestro de nivel de grado que se registre en nombre de su aula, un miembro del personal que dirija un club extracurricular, personal de servicios de comedor o de instalaciones interesados en iniciar un programa de reciclaje o reducci\u00f3n de desperdicio de alimentos, un director que registre a toda la escuela para iniciar una iniciativa de reducci\u00f3n de emisiones en el campus, un voluntario escolar que se registre para comenzar un programa de compostaje al aire libre en los jardines escolares \u2013 \u00a1muchas oportunidades para adaptarse a las necesidades de tu programa!<\/p><\/div><\/div><div class=\"wp-block-uagb-faq-child uagb-faq-child__outer-wrap uagb-faq-item uagb-block-3c3f2041\" role=\"tab\" tabindex=\"0\"><div class=\"uagb-faq-questions-button uagb-faq-questions\">\t\t\t<span class=\"uagb-icon uagb-faq-icon-wrap\">\n\t\t\t\t\t\t\t\t<svg xmlns=\"https:\/\/www.w3.org\/2000\/svg\" viewbox= \"0 0 448 512\"><path d=\"M432 256c0 17.69-14.33 32.01-32 32.01H256v144c0 17.69-14.33 31.99-32 31.99s-32-14.3-32-31.99v-144H48c-17.67 0-32-14.32-32-32.01s14.33-31.99 32-31.99H192v-144c0-17.69 14.33-32.01 32-32.01s32 14.32 32 32.01v144h144C417.7 224 432 238.3 432 256z\"><\/path><\/svg>\n\t\t\t\t\t\t\t<\/span>\n\t\t\t\t\t\t<span class=\"uagb-icon-active uagb-faq-icon-wrap\">\n\t\t\t\t\t\t\t\t<svg xmlns=\"https:\/\/www.w3.org\/2000\/svg\" viewbox= \"0 0 448 512\"><path d=\"M400 288h-352c-17.69 0-32-14.32-32-32.01s14.31-31.99 32-31.99h352c17.69 0 32 14.3 32 31.99S417.7 288 400 288z\"><\/path><\/svg>\n\t\t\t\t\t\t\t<\/span>\n\t\t\t<h4 class=\"uagb-question\">\u00bfCu\u00e1ndo puedo registrarme?<\/h4><\/div><div class=\"uagb-faq-content\"><p><a href=\"https:\/\/thegreenteam.org\/es\/forms\/registration\/\">El registro<\/a> para cada a\u00f1o escolar abre el 1 de julio y<sup>.<\/sup> y cierra el 15 de junio<sup>.<\/sup>Los equipos Green Team deben volver a registrarse cada a\u00f1o escolar para mantener su estatus.\u00a0<\/p><\/div><\/div><div class=\"wp-block-uagb-faq-child uagb-faq-child__outer-wrap uagb-faq-item uagb-block-96903eb5\" role=\"tab\" tabindex=\"0\"><div class=\"uagb-faq-questions-button uagb-faq-questions\">\t\t\t<span class=\"uagb-icon uagb-faq-icon-wrap\">\n\t\t\t\t\t\t\t\t<svg xmlns=\"https:\/\/www.w3.org\/2000\/svg\" viewbox= \"0 0 448 512\"><path d=\"M432 256c0 17.69-14.33 32.01-32 32.01H256v144c0 17.69-14.33 31.99-32 31.99s-32-14.3-32-31.99v-144H48c-17.67 0-32-14.32-32-32.01s14.33-31.99 32-31.99H192v-144c0-17.69 14.33-32.01 32-32.01s32 14.32 32 32.01v144h144C417.7 224 432 238.3 432 256z\"><\/path><\/svg>\n\t\t\t\t\t\t\t<\/span>\n\t\t\t\t\t\t<span class=\"uagb-icon-active uagb-faq-icon-wrap\">\n\t\t\t\t\t\t\t\t<svg xmlns=\"https:\/\/www.w3.org\/2000\/svg\" viewbox= \"0 0 448 512\"><path d=\"M400 288h-352c-17.69 0-32-14.32-32-32.01s14.31-31.99 32-31.99h352c17.69 0 32 14.3 32 31.99S417.7 288 400 288z\"><\/path><\/svg>\n\t\t\t\t\t\t\t<\/span>\n\t\t\t<h4 class=\"uagb-question\">\u00bfC\u00f3mo se une mi clase a The Green Team?<\/h4><\/div><div class=\"uagb-faq-content\"><p>\u2192 Invol\u00facrate enviando tu formulario de inscripci\u00f3n completo de The Green Team. <a href=\"\/es\/forms\/registration\/\" target=\"_blank\" rel=\"noreferrer noopener\"><strong>formulario de inscripci\u00f3n.<\/strong><\/a>\u00a0<br>\u2192 Recibe tu kit para el aula con una <a href=\"https:\/\/thegreenteam.org\/es\/for-schools\/what-includes\/\">gu\u00eda del programa, un p\u00f3ster, planes de lecciones y otros recursos.\u00a0<\/a><br>\u2192 Selecciona actividades de la gu\u00eda del programa para realizar con tus estudiantes.\u00a0<br>\u2192 Coloca pegatinas de logro en el p\u00f3ster por cada actividad completada y env\u00eda el Formulario de Respuesta del Maestro.\u00a0<\/p><\/div><\/div><div class=\"wp-block-uagb-faq-child uagb-faq-child__outer-wrap uagb-faq-item uagb-block-4eae0904\" role=\"tab\" tabindex=\"0\"><div class=\"uagb-faq-questions-button uagb-faq-questions\">\t\t\t<span class=\"uagb-icon uagb-faq-icon-wrap\">\n\t\t\t\t\t\t\t\t<svg xmlns=\"https:\/\/www.w3.org\/2000\/svg\" viewbox= \"0 0 448 512\"><path d=\"M432 256c0 17.69-14.33 32.01-32 32.01H256v144c0 17.69-14.33 31.99-32 31.99s-32-14.3-32-31.99v-144H48c-17.67 0-32-14.32-32-32.01s14.33-31.99 32-31.99H192v-144c0-17.69 14.33-32.01 32-32.01s32 14.32 32 32.01v144h144C417.7 224 432 238.3 432 256z\"><\/path><\/svg>\n\t\t\t\t\t\t\t<\/span>\n\t\t\t\t\t\t<span class=\"uagb-icon-active uagb-faq-icon-wrap\">\n\t\t\t\t\t\t\t\t<svg xmlns=\"https:\/\/www.w3.org\/2000\/svg\" viewbox= \"0 0 448 512\"><path d=\"M400 288h-352c-17.69 0-32-14.32-32-32.01s14.31-31.99 32-31.99h352c17.69 0 32 14.3 32 31.99S417.7 288 400 288z\"><\/path><\/svg>\n\t\t\t\t\t\t\t<\/span>\n\t\t\t<h4 class=\"uagb-question\"><strong>\u00bfLa asistencia t\u00e9cnica es realmente gratuita?<\/strong>\u00a0<\/h4><\/div><div class=\"uagb-faq-content\"><p>\u00a1S\u00ed! Las recomendaciones y el soporte virtual que ofrecemos son completamente gratuitos y est\u00e1n financiados por <a href=\"https:\/\/www.mass.gov\/orgs\/massachusetts-department-of-environmental-protection\">el Departamento de Protecci\u00f3n Ambiental de Massachusetts.<\/a> Depende de la escuela decidir si implementan las sugerencias o recomendaciones de la manera que mejor se ajuste a sus necesidades.\u00a0\u00a0<br><\/p><\/div><\/div><div class=\"wp-block-uagb-faq-child uagb-faq-child__outer-wrap uagb-faq-item uagb-block-37dd4816\" role=\"tab\" tabindex=\"0\"><div class=\"uagb-faq-questions-button uagb-faq-questions\">\t\t\t<span class=\"uagb-icon uagb-faq-icon-wrap\">\n\t\t\t\t\t\t\t\t<svg xmlns=\"https:\/\/www.w3.org\/2000\/svg\" viewbox= \"0 0 448 512\"><path d=\"M432 256c0 17.69-14.33 32.01-32 32.01H256v144c0 17.69-14.33 31.99-32 31.99s-32-14.3-32-31.99v-144H48c-17.67 0-32-14.32-32-32.01s14.33-31.99 32-31.99H192v-144c0-17.69 14.33-32.01 32-32.01s32 14.32 32 32.01v144h144C417.7 224 432 238.3 432 256z\"><\/path><\/svg>\n\t\t\t\t\t\t\t<\/span>\n\t\t\t\t\t\t<span class=\"uagb-icon-active uagb-faq-icon-wrap\">\n\t\t\t\t\t\t\t\t<svg xmlns=\"https:\/\/www.w3.org\/2000\/svg\" viewbox= \"0 0 448 512\"><path d=\"M400 288h-352c-17.69 0-32-14.32-32-32.01s14.31-31.99 32-31.99h352c17.69 0 32 14.3 32 31.99S417.7 288 400 288z\"><\/path><\/svg>\n\t\t\t\t\t\t\t<\/span>\n\t\t\t<h4 class=\"uagb-question\">\u00bfCu\u00e1l es el <strong>tiempo\/compromiso del l\u00edder de The Green Team?<\/strong>?<\/h4><\/div><div class=\"uagb-faq-content\"><p>La participaci\u00f3n en The Green Team puede ser tan breve como firmar los <a href=\"https:\/\/www.thegreenteam.org\/wp-content\/uploads\/2012\/10\/GT_Pledge-Card-12.pdf\" target=\"_blank\" rel=\"noreferrer noopener\">Compromisos de The Green Team<\/a> durante el horario escolar regular, o tan extensa como reunirse fuera del horario escolar o iniciar un programa continuo de reducci\u00f3n de residuos. Los l\u00edderes de The Green Team deciden el nivel de compromiso que mejor se ajuste a sus metas y disponibilidad.\u00a0\u00a0<br><\/p><\/div><\/div><div class=\"wp-block-uagb-faq-child uagb-faq-child__outer-wrap uagb-faq-item uagb-block-ecd7b0e5\" role=\"tab\" tabindex=\"0\"><div class=\"uagb-faq-questions-button uagb-faq-questions\">\t\t\t<span class=\"uagb-icon uagb-faq-icon-wrap\">\n\t\t\t\t\t\t\t\t<svg xmlns=\"https:\/\/www.w3.org\/2000\/svg\" viewbox= \"0 0 448 512\"><path d=\"M432 256c0 17.69-14.33 32.01-32 32.01H256v144c0 17.69-14.33 31.99-32 31.99s-32-14.3-32-31.99v-144H48c-17.67 0-32-14.32-32-32.01s14.33-31.99 32-31.99H192v-144c0-17.69 14.33-32.01 32-32.01s32 14.32 32 32.01v144h144C417.7 224 432 238.3 432 256z\"><\/path><\/svg>\n\t\t\t\t\t\t\t<\/span>\n\t\t\t\t\t\t<span class=\"uagb-icon-active uagb-faq-icon-wrap\">\n\t\t\t\t\t\t\t\t<svg xmlns=\"https:\/\/www.w3.org\/2000\/svg\" viewbox= \"0 0 448 512\"><path d=\"M400 288h-352c-17.69 0-32-14.32-32-32.01s14.31-31.99 32-31.99h352c17.69 0 32 14.3 32 31.99S417.7 288 400 288z\"><\/path><\/svg>\n\t\t\t\t\t\t\t<\/span>\n\t\t\t<h4 class=\"uagb-question\"><strong>\u00bfC\u00f3mo ganamos premios?<\/strong>\u00a0<\/h4><\/div><div class=\"uagb-faq-content\"><p>Cada clase que toma el Compromiso de The Green Team recibe un Certificado de Reconocimiento para su aula y es elegible para ganar premios. Las clases que completen m\u00e1s actividades avanzan al siguiente nivel y son elegibles para ganar premios m\u00e1s valiosos. Consulta <a data-type=\"internal\" data-id=\"#table\" href=\"#table\">la tabla<\/a> a continuaci\u00f3n para conocer los premios disponibles en cada nivel.\u00a0<br><br><strong>\u2192 Premios de Nivel 1:<\/strong>: <strong>Certificado de Protectores del Planeta<\/strong>\u00a0y participaci\u00f3n en un sorteo para l\u00e1pices de mezclilla reciclada, forros para libros, imanes o marcadores para cada estudiante.<br><br><strong>\u2192 Premios de Nivel 2:<\/strong>: <strong>Certificado de Coyotes de la Conservaci\u00f3n<\/strong>\u00a0y participaci\u00f3n en un sorteo para todos los premios anteriores, mini macetas de contenedores de reciclaje, ruedas informativas o pulseras de \"Green Team\".<br><br>\u2192 <strong>\u2192 Premios de Nivel 3:<\/strong>: <strong>Certificado de \u00c1guilas Ambientales<\/strong>\u00a0y participaci\u00f3n en un sorteo para todos los premios anteriores, un espect\u00e1culo de magia sobre reciclaje, una presentaci\u00f3n escolar sobre reciclaje o un concierto ambiental participativo.\u00a0<br><\/p><\/div><\/div><\/div>","protected":false},"excerpt":{"rendered":"","protected":false},"author":1,"featured_media":470,"parent":0,"menu_order":0,"comment_status":"closed","ping_status":"closed","template":"","meta":{"_uag_custom_page_level_css":"","_genesis_hide_title":true,"_genesis_hide_breadcrumbs":true,"_genesis_hide_singular_image":false,"_genesis_hide_footer_widgets":false,"_genesis_custom_body_class":"","_genesis_custom_post_class":"","_genesis_layout":"","footnotes":""},"class_list":{"0":"post-7","1":"page","2":"type-page","3":"status-publish","4":"has-post-thumbnail","6":"entry"},"yoast_head":"<!-- This site is optimized with the Yoast SEO plugin v27.4 - https:\/\/yoast.com\/product\/yoast-seo-wordpress\/ -->\n<title>The Green Team FAQs - The Green Team<\/title>\n<meta name=\"description\" content=\"Find answers to common questions about The Green Team\u2019s interactive environmental education program.\" \/>\n<meta name=\"robots\" content=\"index, follow, max-snippet:-1, max-image-preview:large, max-video-preview:-1\" \/>\n<link rel=\"canonical\" href=\"https:\/\/thegreenteam.org\/es\/faqs\/\" \/>\n<meta property=\"og:locale\" content=\"es_MX\" \/>\n<meta property=\"og:type\" content=\"article\" \/>\n<meta property=\"og:title\" content=\"The Green Team FAQs - The Green Team\" \/>\n<meta property=\"og:description\" content=\"Find answers to common questions about The Green Team\u2019s interactive environmental education program.\" \/>\n<meta property=\"og:url\" content=\"https:\/\/thegreenteam.org\/es\/faqs\/\" \/>\n<meta property=\"og:site_name\" content=\"The Green Team\" \/>\n<meta property=\"article:modified_time\" content=\"2025-06-18T14:11:11+00:00\" \/>\n<meta property=\"og:image\" content=\"https:\/\/thegreenteam.org\/wp-content\/uploads\/2012\/08\/Logo1.png\" \/>\n\t<meta property=\"og:image:width\" content=\"150\" \/>\n\t<meta property=\"og:image:height\" content=\"149\" \/>\n\t<meta property=\"og:image:type\" content=\"image\/png\" \/>\n<meta name=\"twitter:card\" content=\"summary_large_image\" \/>\n<meta name=\"twitter:label1\" content=\"Tiempo de lectura\" \/>\n\t<meta name=\"twitter:data1\" content=\"1 minuto\" \/>\n<script type=\"application\/ld+json\" class=\"yoast-schema-graph\">{\"@context\":\"https:\\\/\\\/schema.org\",\"@graph\":[{\"@type\":\"WebPage\",\"@id\":\"https:\\\/\\\/thegreenteam.org\\\/faqs\\\/\",\"url\":\"https:\\\/\\\/thegreenteam.org\\\/faqs\\\/\",\"name\":\"The Green Team FAQs - The Green Team\",\"isPartOf\":{\"@id\":\"https:\\\/\\\/thegreenteam.org\\\/#website\"},\"primaryImageOfPage\":{\"@id\":\"https:\\\/\\\/thegreenteam.org\\\/faqs\\\/#primaryimage\"},\"image\":{\"@id\":\"https:\\\/\\\/thegreenteam.org\\\/faqs\\\/#primaryimage\"},\"thumbnailUrl\":\"https:\\\/\\\/thegreenteam.org\\\/wp-content\\\/uploads\\\/2012\\\/08\\\/Logo1.png\",\"datePublished\":\"2012-08-07T19:42:49+00:00\",\"dateModified\":\"2025-06-18T14:11:11+00:00\",\"description\":\"Find answers to common questions about The Green Team\u2019s interactive environmental education program.\",\"breadcrumb\":{\"@id\":\"https:\\\/\\\/thegreenteam.org\\\/faqs\\\/#breadcrumb\"},\"inLanguage\":\"es\",\"potentialAction\":[{\"@type\":\"ReadAction\",\"target\":[\"https:\\\/\\\/thegreenteam.org\\\/faqs\\\/\"]}]},{\"@type\":\"ImageObject\",\"inLanguage\":\"es\",\"@id\":\"https:\\\/\\\/thegreenteam.org\\\/faqs\\\/#primaryimage\",\"url\":\"https:\\\/\\\/thegreenteam.org\\\/wp-content\\\/uploads\\\/2012\\\/08\\\/Logo1.png\",\"contentUrl\":\"https:\\\/\\\/thegreenteam.org\\\/wp-content\\\/uploads\\\/2012\\\/08\\\/Logo1.png\",\"width\":150,\"height\":149,\"caption\":\"The Green Team logo\"},{\"@type\":\"BreadcrumbList\",\"@id\":\"https:\\\/\\\/thegreenteam.org\\\/faqs\\\/#breadcrumb\",\"itemListElement\":[{\"@type\":\"ListItem\",\"position\":1,\"name\":\"Home\",\"item\":\"https:\\\/\\\/thegreenteam.org\\\/\"},{\"@type\":\"ListItem\",\"position\":2,\"name\":\"The Green Team FAQs\"}]},{\"@type\":\"WebSite\",\"@id\":\"https:\\\/\\\/thegreenteam.org\\\/#website\",\"url\":\"https:\\\/\\\/thegreenteam.org\\\/\",\"name\":\"The Green Team\",\"description\":\"Protecting our environment\",\"publisher\":{\"@id\":\"https:\\\/\\\/thegreenteam.org\\\/#organization\"},\"potentialAction\":[{\"@type\":\"SearchAction\",\"target\":{\"@type\":\"EntryPoint\",\"urlTemplate\":\"https:\\\/\\\/thegreenteam.org\\\/?s={search_term_string}\"},\"query-input\":{\"@type\":\"PropertyValueSpecification\",\"valueRequired\":true,\"valueName\":\"search_term_string\"}}],\"inLanguage\":\"es\"},{\"@type\":\"Organization\",\"@id\":\"https:\\\/\\\/thegreenteam.org\\\/#organization\",\"name\":\"The Green Team\",\"url\":\"https:\\\/\\\/thegreenteam.org\\\/\",\"logo\":{\"@type\":\"ImageObject\",\"inLanguage\":\"es\",\"@id\":\"https:\\\/\\\/thegreenteam.org\\\/#\\\/schema\\\/logo\\\/image\\\/\",\"url\":\"https:\\\/\\\/thegreenteam.org\\\/wp-content\\\/uploads\\\/2012\\\/08\\\/Logo1.png\",\"contentUrl\":\"https:\\\/\\\/thegreenteam.org\\\/wp-content\\\/uploads\\\/2012\\\/08\\\/Logo1.png\",\"width\":150,\"height\":149,\"caption\":\"The Green Team\"},\"image\":{\"@id\":\"https:\\\/\\\/thegreenteam.org\\\/#\\\/schema\\\/logo\\\/image\\\/\"}}]}<\/script>\n<!-- \/ Yoast SEO plugin. -->","yoast_head_json":{"title":"The Green Team FAQs - The Green Team","description":"Find answers to common questions about The Green Team\u2019s interactive environmental education program.","robots":{"index":"index","follow":"follow","max-snippet":"max-snippet:-1","max-image-preview":"max-image-preview:large","max-video-preview":"max-video-preview:-1"},"canonical":"https:\/\/thegreenteam.org\/es\/faqs\/","og_locale":"es_MX","og_type":"article","og_title":"The Green Team FAQs - The Green Team","og_description":"Find answers to common questions about The Green Team\u2019s interactive environmental education program.","og_url":"https:\/\/thegreenteam.org\/es\/faqs\/","og_site_name":"The Green Team","article_modified_time":"2025-06-18T14:11:11+00:00","og_image":[{"width":150,"height":149,"url":"https:\/\/thegreenteam.org\/wp-content\/uploads\/2012\/08\/Logo1.png","type":"image\/png"}],"twitter_card":"summary_large_image","twitter_misc":{"Tiempo de lectura":"1 minuto"},"schema":{"@context":"https:\/\/schema.org","@graph":[{"@type":"WebPage","@id":"https:\/\/thegreenteam.org\/faqs\/","url":"https:\/\/thegreenteam.org\/faqs\/","name":"The Green Team FAQs - The Green Team","isPartOf":{"@id":"https:\/\/thegreenteam.org\/#website"},"primaryImageOfPage":{"@id":"https:\/\/thegreenteam.org\/faqs\/#primaryimage"},"image":{"@id":"https:\/\/thegreenteam.org\/faqs\/#primaryimage"},"thumbnailUrl":"https:\/\/thegreenteam.org\/wp-content\/uploads\/2012\/08\/Logo1.png","datePublished":"2012-08-07T19:42:49+00:00","dateModified":"2025-06-18T14:11:11+00:00","description":"Find answers to common questions about The Green Team\u2019s interactive environmental education program.","breadcrumb":{"@id":"https:\/\/thegreenteam.org\/faqs\/#breadcrumb"},"inLanguage":"es","potentialAction":[{"@type":"ReadAction","target":["https:\/\/thegreenteam.org\/faqs\/"]}]},{"@type":"ImageObject","inLanguage":"es","@id":"https:\/\/thegreenteam.org\/faqs\/#primaryimage","url":"https:\/\/thegreenteam.org\/wp-content\/uploads\/2012\/08\/Logo1.png","contentUrl":"https:\/\/thegreenteam.org\/wp-content\/uploads\/2012\/08\/Logo1.png","width":150,"height":149,"caption":"The Green Team logo"},{"@type":"BreadcrumbList","@id":"https:\/\/thegreenteam.org\/faqs\/#breadcrumb","itemListElement":[{"@type":"ListItem","position":1,"name":"Home","item":"https:\/\/thegreenteam.org\/"},{"@type":"ListItem","position":2,"name":"The Green Team FAQs"}]},{"@type":"WebSite","@id":"https:\/\/thegreenteam.org\/#website","url":"https:\/\/thegreenteam.org\/","name":"The Green Team","description":"La protecci\u00f3n de nuestro medio ambiente","publisher":{"@id":"https:\/\/thegreenteam.org\/#organization"},"potentialAction":[{"@type":"SearchAction","target":{"@type":"EntryPoint","urlTemplate":"https:\/\/thegreenteam.org\/?s={search_term_string}"},"query-input":{"@type":"PropertyValueSpecification","valueRequired":true,"valueName":"search_term_string"}}],"inLanguage":"es"},{"@type":"Organization","@id":"https:\/\/thegreenteam.org\/#organization","name":"The Green Team","url":"https:\/\/thegreenteam.org\/","logo":{"@type":"ImageObject","inLanguage":"es","@id":"https:\/\/thegreenteam.org\/#\/schema\/logo\/image\/","url":"https:\/\/thegreenteam.org\/wp-content\/uploads\/2012\/08\/Logo1.png","contentUrl":"https:\/\/thegreenteam.org\/wp-content\/uploads\/2012\/08\/Logo1.png","width":150,"height":149,"caption":"The Green Team"},"image":{"@id":"https:\/\/thegreenteam.org\/#\/schema\/logo\/image\/"}}]}},"featured_image_src":"https:\/\/thegreenteam.org\/wp-content\/uploads\/2012\/08\/Logo1.png","featured_image_src_square":"https:\/\/thegreenteam.org\/wp-content\/uploads\/2012\/08\/Logo1.png","uagb_featured_image_src":{"full":["https:\/\/thegreenteam.org\/wp-content\/uploads\/2012\/08\/Logo1.png",150,149,false],"thumbnail":["https:\/\/thegreenteam.org\/wp-content\/uploads\/2012\/08\/Logo1-150x149.png",150,149,true],"medium":["https:\/\/thegreenteam.org\/wp-content\/uploads\/2012\/08\/Logo1.png",150,149,false],"medium_large":["https:\/\/thegreenteam.org\/wp-content\/uploads\/2012\/08\/Logo1.png",150,149,false],"large":["https:\/\/thegreenteam.org\/wp-content\/uploads\/2012\/08\/Logo1.png",150,149,false],"1536x1536":["https:\/\/thegreenteam.org\/wp-content\/uploads\/2012\/08\/Logo1.png",150,149,false],"2048x2048":["https:\/\/thegreenteam.org\/wp-content\/uploads\/2012\/08\/Logo1.png",150,149,false],"trp-custom-language-flag":["https:\/\/thegreenteam.org\/wp-content\/uploads\/2012\/08\/Logo1.png",12,12,false],"featured-blog":["https:\/\/thegreenteam.org\/wp-content\/uploads\/2012\/08\/Logo1.png",150,149,false],"sidebar-thumbnail":["https:\/\/thegreenteam.org\/wp-content\/uploads\/2012\/08\/Logo1.png",80,80,false],"gb-block-post-grid-landscape":["https:\/\/thegreenteam.org\/wp-content\/uploads\/2012\/08\/Logo1.png",150,149,false],"gb-block-post-grid-square":["https:\/\/thegreenteam.org\/wp-content\/uploads\/2012\/08\/Logo1.png",150,149,false]},"uagb_author_info":{"display_name":"The Green Team","author_link":"https:\/\/thegreenteam.org\/es\/author\/admin\/"},"uagb_comment_info":0,"uagb_excerpt":null,"_links":{"self":[{"href":"https:\/\/thegreenteam.org\/es\/wp-json\/wp\/v2\/pages\/7","targetHints":{"allow":["GET"]}}],"collection":[{"href":"https:\/\/thegreenteam.org\/es\/wp-json\/wp\/v2\/pages"}],"about":[{"href":"https:\/\/thegreenteam.org\/es\/wp-json\/wp\/v2\/types\/page"}],"author":[{"embeddable":true,"href":"https:\/\/thegreenteam.org\/es\/wp-json\/wp\/v2\/users\/1"}],"replies":[{"embeddable":true,"href":"https:\/\/thegreenteam.org\/es\/wp-json\/wp\/v2\/comments?post=7"}],"version-history":[{"count":0,"href":"https:\/\/thegreenteam.org\/es\/wp-json\/wp\/v2\/pages\/7\/revisions"}],"wp:featuredmedia":[{"embeddable":true,"href":"https:\/\/thegreenteam.org\/es\/wp-json\/wp\/v2\/media\/470"}],"wp:attachment":[{"href":"https:\/\/thegreenteam.org\/es\/wp-json\/wp\/v2\/media?parent=7"}],"curies":[{"name":"wp","href":"https:\/\/api.w.org\/{rel}","templated":true}]}}